{"id":9878,"date":"2025-02-19T13:35:53","date_gmt":"2025-02-19T12:35:53","guid":{"rendered":"https:\/\/ipsuma.es\/privacy-policy\/"},"modified":"2025-03-05T15:08:09","modified_gmt":"2025-03-05T14:08:09","slug":"privacy-policy","status":"publish","type":"page","link":"https:\/\/ipsuma.es\/en\/privacy-policy\/","title":{"rendered":"Privacy policy"},"content":{"rendered":"\t\t<div data-elementor-type=\"wp-page\" data-elementor-id=\"9878\" class=\"elementor elementor-9878 elementor-8924\" data-elementor-post-type=\"page\">\n\t\t\t\t<div class=\"elementor-element elementor-element-3b9f281 e-con-full e-flex e-con e-parent\" data-id=\"3b9f281\" data-element_type=\"container\" data-settings=\"{&quot;background_background&quot;:&quot;classic&quot;}\">\n\t\t\t\t<div class=\"elementor-element elementor-element-3908d20 elementor-widget elementor-widget-text-editor\" data-id=\"3908d20\" data-element_type=\"widget\" data-widget_type=\"text-editor.default\">\n\t\t\t\t<div class=\"elementor-widget-container\">\n\t\t\t\t\t\t\t\t\t<p>Privacy policy<\/p>\t\t\t\t\t\t\t\t<\/div>\n\t\t\t\t<\/div>\n\t\t\t\t<div class=\"elementor-element elementor-element-1c2fe04 elementor-widget elementor-widget-text-editor\" data-id=\"1c2fe04\" data-element_type=\"widget\" data-widget_type=\"text-editor.default\">\n\t\t\t\t<div class=\"elementor-widget-container\">\n\t\t\t\t\t\t\t\t\t<p><b>Pol\u00edtica de protecci\u00f3n de datos de car\u00e1cter personal<\/b><\/p><p>Aceptando la pol\u00edtica de privacidad de la web usted consiente en que sus datos sean usados por IPSUMA Consultor\u00eda e Inversi\u00f3n, S.L. (IPSUMA), sita en Pozuelo de Alarc\u00f3n E-28223, C\/ Ciudad Real, 1-A, y con CIF n\u00famero B85789675, con la finalidad de que podamos ponernos en contacto con usted y\/o atender a su solicitud.<\/p><p>En el caso de que no nos d\u00e9 consentimiento para usar sus datos personales no podremos cumplir con la finalidad indicada.<\/p><p>Los datos personales tratados son datos identificativos y aquella informaci\u00f3n personal que usted pueda introducir en el formulario de contacto.<\/p><p>Usted responder\u00e1 de la veracidad de los datos personales facilitados y la entidad se reserva el derecho a excluir de los servicios ofrecidos a todo usuario de la web que haya facilitado datos falsos o err\u00f3neos, sin perjuicio de las dem\u00e1s acciones que procedan en Derecho.<\/p><p>Cuando los datos personales sean recabados de un formulario ser\u00e1 necesario que usted aporte todos aquellos que sean obligatorios ya que de lo contrario no podremos gestionar su petici\u00f3n.<\/p><p>Sus datos personales ser\u00e1n cancelados cuando hayan dejado de ser necesarios para la finalidad para la que fueron recabados.<\/p><p>Usted tiene derecho a retirar su consentimiento en cualquier momento para que dejemos de usar sus datos personales y si considera que sus derechos son vulnerados puede presentar una reclamaci\u00f3n ante la Agencia Espa\u00f1ola de Protecci\u00f3n de Datos.<\/p><p>En el caso de que no acepte que usemos sus datos personales o retire su consentimiento no podremos prestarle nuestros servicios.<\/p><p>Le rogamos que en el caso de producirse alguna modificaci\u00f3n de sus datos personales nos lo comunique en la direcci\u00f3n que consta m\u00e1s abajo, con la finalidad de mantener su informaci\u00f3n actualizada.<\/p><p>Le informamos que podr\u00e1 ejercer sus derechos de acceso a los datos, de rectificaci\u00f3n o supresi\u00f3n de los datos, de limitaci\u00f3n del uso de los datos, de oposici\u00f3n del uso de los datos y de portabilidad de los datos remitiendo su solicitud por escrito en la direcci\u00f3n de correo electr\u00f3nico <a href=\"mailto:info@ipsuma.es\">info@ipsuma.es<\/a>.<br \/><b><\/b><\/p><p><b>Acepto que mis datos personales sean utilizados con fines publicitarios y de prospecci\u00f3n comercial<\/b><\/p><p>Asimismo ponemos en su conocimiento, de conformidad con lo establecido en los art\u00edculos 20 y 21 de la Ley 34\/2002 sobre Servicios de la Sociedad de la Informaci\u00f3n y Comercio Electr\u00f3nico, que los datos que usted nos facilite los utilizaremos para efectuar posteriores comunicaciones comerciales sobre nuestros productos y servicios que puedan resultar de su inter\u00e9s, sin perjuicio del derecho que usted tiene de revocar en cualquier momento el consentimiento prestado para la recepci\u00f3n de comunicaciones comerciales, dirigi\u00e9ndose por escrito a la direcci\u00f3n arriba referida.<\/p>\t\t\t\t\t\t\t\t<\/div>\n\t\t\t\t<\/div>\n\t\t\t\t<\/div>\n\t\t\t\t<\/div>\n\t\t","protected":false},"excerpt":{"rendered":"<p>Privacy policy Pol\u00edtica de protecci\u00f3n de datos de car\u00e1cter personal Aceptando la pol\u00edtica de privacidad de la web usted consiente en que sus datos sean usados por IPSUMA Consultor\u00eda e Inversi\u00f3n, S.L. (IPSUMA), sita en Pozuelo de Alarc\u00f3n E-28223, C\/ Ciudad Real, 1-A, y con CIF n\u00famero B85789675, con la finalidad de que podamos ponernos [&hellip;]<\/p>\n","protected":false},"author":4,"featured_media":0,"parent":0,"menu_order":90,"comment_status":"closed","ping_status":"closed","template":"elementor_header_footer","meta":{"footnotes":""},"class_list":["post-9878","page","type-page","status-publish","hentry"],"yoast_head":"<!-- This site is optimized with the Yoast SEO plugin v24.8.1 - https:\/\/yoast.com\/wordpress\/plugins\/seo\/ -->\n<title>Privacy policy - IPSUMA<\/title>\n<meta name=\"robots\" content=\"index, follow, max-snippet:-1, max-image-preview:large, max-video-preview:-1\" \/>\n<link rel=\"canonical\" href=\"https:\/\/ipsuma.es\/en\/privacy-policy\/\" \/>\n<meta property=\"og:locale\" content=\"en_US\" \/>\n<meta property=\"og:type\" content=\"article\" \/>\n<meta property=\"og:title\" content=\"Privacy policy - IPSUMA\" \/>\n<meta property=\"og:description\" content=\"Privacy policy Pol\u00edtica de protecci\u00f3n de datos de car\u00e1cter personal Aceptando la pol\u00edtica de privacidad de la web usted consiente en que sus datos sean usados por IPSUMA Consultor\u00eda e Inversi\u00f3n, S.L. (IPSUMA), sita en Pozuelo de Alarc\u00f3n E-28223, C\/ Ciudad Real, 1-A, y con CIF n\u00famero B85789675, con la finalidad de que podamos ponernos [&hellip;]\" \/>\n<meta property=\"og:url\" content=\"https:\/\/ipsuma.es\/en\/privacy-policy\/\" \/>\n<meta property=\"og:site_name\" content=\"IPSUMA\" \/>\n<meta property=\"article:modified_time\" content=\"2025-03-05T14:08:09+00:00\" \/>\n<meta name=\"twitter:card\" content=\"summary_large_image\" \/>\n<meta name=\"twitter:label1\" content=\"Est. reading time\" \/>\n\t<meta name=\"twitter:data1\" content=\"2 minutes\" \/>\n<script type=\"application\/ld+json\" class=\"yoast-schema-graph\">{\"@context\":\"https:\/\/schema.org\",\"@graph\":[{\"@type\":\"WebPage\",\"@id\":\"https:\/\/ipsuma.es\/en\/privacy-policy\/\",\"url\":\"https:\/\/ipsuma.es\/en\/privacy-policy\/\",\"name\":\"Privacy policy - IPSUMA\",\"isPartOf\":{\"@id\":\"https:\/\/ipsuma.es\/en\/#website\"},\"datePublished\":\"2025-02-19T12:35:53+00:00\",\"dateModified\":\"2025-03-05T14:08:09+00:00\",\"breadcrumb\":{\"@id\":\"https:\/\/ipsuma.es\/en\/privacy-policy\/#breadcrumb\"},\"inLanguage\":\"en-US\",\"potentialAction\":[{\"@type\":\"ReadAction\",\"target\":[\"https:\/\/ipsuma.es\/en\/privacy-policy\/\"]}]},{\"@type\":\"BreadcrumbList\",\"@id\":\"https:\/\/ipsuma.es\/en\/privacy-policy\/#breadcrumb\",\"itemListElement\":[{\"@type\":\"ListItem\",\"position\":1,\"name\":\"Portada\",\"item\":\"https:\/\/ipsuma.es\/en\/\"},{\"@type\":\"ListItem\",\"position\":2,\"name\":\"Privacy policy\"}]},{\"@type\":\"WebSite\",\"@id\":\"https:\/\/ipsuma.es\/en\/#website\",\"url\":\"https:\/\/ipsuma.es\/en\/\",\"name\":\"IPSUMA\",\"description\":\"Consultor\u00eda Inmobiliaria Premium\",\"potentialAction\":[{\"@type\":\"SearchAction\",\"target\":{\"@type\":\"EntryPoint\",\"urlTemplate\":\"https:\/\/ipsuma.es\/en\/?s={search_term_string}\"},\"query-input\":{\"@type\":\"PropertyValueSpecification\",\"valueRequired\":true,\"valueName\":\"search_term_string\"}}],\"inLanguage\":\"en-US\"}]}<\/script>\n<!-- \/ Yoast SEO plugin. -->","yoast_head_json":{"title":"Privacy policy - IPSUMA","robots":{"index":"index","follow":"follow","max-snippet":"max-snippet:-1","max-image-preview":"max-image-preview:large","max-video-preview":"max-video-preview:-1"},"canonical":"https:\/\/ipsuma.es\/en\/privacy-policy\/","og_locale":"en_US","og_type":"article","og_title":"Privacy policy - IPSUMA","og_description":"Privacy policy Pol\u00edtica de protecci\u00f3n de datos de car\u00e1cter personal Aceptando la pol\u00edtica de privacidad de la web usted consiente en que sus datos sean usados por IPSUMA Consultor\u00eda e Inversi\u00f3n, S.L. (IPSUMA), sita en Pozuelo de Alarc\u00f3n E-28223, C\/ Ciudad Real, 1-A, y con CIF n\u00famero B85789675, con la finalidad de que podamos ponernos [&hellip;]","og_url":"https:\/\/ipsuma.es\/en\/privacy-policy\/","og_site_name":"IPSUMA","article_modified_time":"2025-03-05T14:08:09+00:00","twitter_card":"summary_large_image","twitter_misc":{"Est. reading time":"2 minutes"},"schema":{"@context":"https:\/\/schema.org","@graph":[{"@type":"WebPage","@id":"https:\/\/ipsuma.es\/en\/privacy-policy\/","url":"https:\/\/ipsuma.es\/en\/privacy-policy\/","name":"Privacy policy - IPSUMA","isPartOf":{"@id":"https:\/\/ipsuma.es\/en\/#website"},"datePublished":"2025-02-19T12:35:53+00:00","dateModified":"2025-03-05T14:08:09+00:00","breadcrumb":{"@id":"https:\/\/ipsuma.es\/en\/privacy-policy\/#breadcrumb"},"inLanguage":"en-US","potentialAction":[{"@type":"ReadAction","target":["https:\/\/ipsuma.es\/en\/privacy-policy\/"]}]},{"@type":"BreadcrumbList","@id":"https:\/\/ipsuma.es\/en\/privacy-policy\/#breadcrumb","itemListElement":[{"@type":"ListItem","position":1,"name":"Portada","item":"https:\/\/ipsuma.es\/en\/"},{"@type":"ListItem","position":2,"name":"Privacy policy"}]},{"@type":"WebSite","@id":"https:\/\/ipsuma.es\/en\/#website","url":"https:\/\/ipsuma.es\/en\/","name":"IPSUMA","description":"Consultor\u00eda Inmobiliaria Premium","potentialAction":[{"@type":"SearchAction","target":{"@type":"EntryPoint","urlTemplate":"https:\/\/ipsuma.es\/en\/?s={search_term_string}"},"query-input":{"@type":"PropertyValueSpecification","valueRequired":true,"valueName":"search_term_string"}}],"inLanguage":"en-US"}]}},"_links":{"self":[{"href":"https:\/\/ipsuma.es\/en\/wp-json\/wp\/v2\/pages\/9878","targetHints":{"allow":["GET"]}}],"collection":[{"href":"https:\/\/ipsuma.es\/en\/wp-json\/wp\/v2\/pages"}],"about":[{"href":"https:\/\/ipsuma.es\/en\/wp-json\/wp\/v2\/types\/page"}],"author":[{"embeddable":true,"href":"https:\/\/ipsuma.es\/en\/wp-json\/wp\/v2\/users\/4"}],"replies":[{"embeddable":true,"href":"https:\/\/ipsuma.es\/en\/wp-json\/wp\/v2\/comments?post=9878"}],"version-history":[{"count":0,"href":"https:\/\/ipsuma.es\/en\/wp-json\/wp\/v2\/pages\/9878\/revisions"}],"wp:attachment":[{"href":"https:\/\/ipsuma.es\/en\/wp-json\/wp\/v2\/media?parent=9878"}],"curies":[{"name":"wp","href":"https:\/\/api.w.org\/{rel}","templated":true}]}}