{"id":9876,"date":"2025-02-19T13:51:24","date_gmt":"2025-02-19T12:51:24","guid":{"rendered":"https:\/\/ipsuma.es\/politica-de-cookies\/"},"modified":"2025-03-05T15:06:48","modified_gmt":"2025-03-05T14:06:48","slug":"cookies-policy","status":"publish","type":"page","link":"https:\/\/ipsuma.es\/en\/cookies-policy\/","title":{"rendered":"Cookies policy"},"content":{"rendered":"\t\t<div data-elementor-type=\"wp-page\" data-elementor-id=\"9876\" class=\"elementor elementor-9876 elementor-8933\" data-elementor-post-type=\"page\">\n\t\t\t\t<div class=\"elementor-element elementor-element-3b9f281 e-con-full e-flex e-con e-parent\" data-id=\"3b9f281\" data-element_type=\"container\" data-settings=\"{&quot;background_background&quot;:&quot;classic&quot;}\">\n\t\t\t\t<div class=\"elementor-element elementor-element-3908d20 elementor-widget elementor-widget-text-editor\" data-id=\"3908d20\" data-element_type=\"widget\" data-widget_type=\"text-editor.default\">\n\t\t\t\t<div class=\"elementor-widget-container\">\n\t\t\t\t\t\t\t\t\t<p>Cookies policy<\/p>\t\t\t\t\t\t\t\t<\/div>\n\t\t\t\t<\/div>\n\t\t\t\t<div class=\"elementor-element elementor-element-1c2fe04 elementor-widget elementor-widget-text-editor\" data-id=\"1c2fe04\" data-element_type=\"widget\" data-widget_type=\"text-editor.default\">\n\t\t\t\t<div class=\"elementor-widget-container\">\n\t\t\t\t\t\t\t\t\t<p><b>Informaci\u00f3n sobre cookies<\/b><br \/>Las cookies y otras tecnolog\u00edas similares tales como local shared objects, flash cookies o p\u00edxeles, son herramientas empleadas por los servidores Web para almacenar y recuperar informaci\u00f3n acerca de sus visitantes, as\u00ed como para ofrecer un correcto funcionamiento del sitio.<\/p><p>Mediante el uso de estos dispositivos se permite al servidor Web recordar algunos datos concernientes al usuario, como sus preferencias para la visualizaci\u00f3n de las p\u00e1ginas de ese servidor, nombre y contrase\u00f1a, productos que m\u00e1s le interesan, etc.<\/p><p><b>Cookies afectadas por la normativa y cookies exceptuadas<\/b><br \/>Conforme a la \u00abLey de Servicios de la Sociedad de la Informaci\u00f3n\u00bb (LSSICE) establecida por el Real Decreto 13\/2012, es de obligaci\u00f3n obtener el consentimiento expreso del usuario de todas las p\u00e1ginas web que usan cookies prescindibles, antes de que este navegue por ellas.<\/p><p>Seg\u00fan la directiva de la UE, las cookies que requieren el consentimiento informado por parte del usuario son las cookies de anal\u00edtica y las de publicidad y afiliaci\u00f3n, quedando exceptuadas las de car\u00e1cter t\u00e9cnico y las necesarias para el funcionamiento del sitio web o la prestaci\u00f3n de servicios expresamente solicitados por el usuario.<\/p><p><b>Tipos de cookies<\/b><\/p><p><b>SEG\u00daN LA FINALIDAD<\/b><\/p><p><b>Cookies t\u00e9cnicas y funcionales<\/b>: son aquellas que permiten al usuario la navegaci\u00f3n a trav\u00e9s de una p\u00e1gina web, plataforma o aplicaci\u00f3n y la utilizaci\u00f3n de las diferentes opciones o servicios que en ella existan.<\/p><p><b>Cookies anal\u00edticas<\/b>: son aquellas que permiten al responsable de las mismas el seguimiento y an\u00e1lisis del comportamiento de los usuarios de los sitios web a los que est\u00e1n vinculadas. La informaci\u00f3n recogida mediante este tipo de cookies se utiliza en la medici\u00f3n de la actividad de los sitios web, aplicaci\u00f3n o plataforma y para la elaboraci\u00f3n de perfiles de navegaci\u00f3n de los usuarios de dichos sitios, aplicaciones y plataformas, con el fin de introducir mejoras en funci\u00f3n del an\u00e1lisis de los datos de uso que hacen los usuarios del servicio.<\/p><p><b>SEG\u00daN LA PROPIEDAD<\/b><\/p><p>Cookies propias: son aquellas que se env\u00edan al equipo terminal del usuario desde un equipo o dominio gestionado por el propio editor y desde el que se presta el servicio solicitado por el usuario.<\/p><p><b>Cookies de terceros<\/b>: son aquellas que se env\u00edan al equipo terminal del usuario desde un equipo o dominio que no es gestionado por el editor, sino por otra entidad que trata los datos obtenidos trav\u00e9s de las cookies.<\/p><p><b>SEG\u00daN EL PLAZO DE CONSERVACI\u00d3N<\/b><br \/>Cookies de sesi\u00f3n: son un tipo de cookies dise\u00f1adas para recabar y almacenar datos mientras el usuario accede a una p\u00e1gina web.<\/p><p><b>Cookies persistentes<\/b>: son un tipo de cookies en el que los datos siguen almacenados en el terminal y pueden ser accedidos y tratados durante un per\u00edodo definido por el responsable de la cookie, y que puede ir de unos minutos a varios a\u00f1os.<br \/><b>Tratamiento de datos personales<\/b><br \/>IPSUMA Consultor\u00eda e Inversi\u00f3n, S.L. es el <b>Responsable del tratamiento<\/b> de los datos personales del <b>Interesado<\/b> y le informa de que estos datos ser\u00e1n tratados de conformidad con lo dispuesto en el Reglamento (UE) 2016\/679, de 27 de abril de 2016 (GDPR), por lo que se le facilita la siguiente informaci\u00f3n del tratamiento:<\/p><p><b>Fines del tratamiento<\/b>: seg\u00fan se especifica en el apartado de cookies que se utilizan en este sitio web.<\/p><p><b>Legitimaci\u00f3n del tratamiento<\/b>: por consentimiento del interesado (art. 6.1 GDPR).<\/p><p><b>Criterios de conservaci\u00f3n de los datos<\/b>: seg\u00fan se especifica en el apartado de cookies utilizadas en la web.<\/p><p><b>Comunicaci\u00f3n de los datos<\/b>: no se comunicar\u00e1n los datos a terceros, excepto en cookies propiedad de terceros o por obligaci\u00f3n legal.<\/p><p><b>Derechos que asisten al Interesado<\/b>:<\/p><ul><li>Derecho a retirar el consentimiento en cualquier momento.<\/li><li>Derecho de acceso, rectificaci\u00f3n, portabilidad y supresi\u00f3n de sus datos y a la limitaci\u00f3n u oposici\u00f3n a su tratamiento.<\/li><li>Derecho a presentar una reclamaci\u00f3n ante la Autoridad de control (www.aepd.es) si considera que el tratamiento no se ajusta a la normativa vigente.<\/li><\/ul><p>\u00a0<\/p><p><b>Datos de contacto para ejercer sus derechos<\/b>:<\/p><p><a href=\"mailto:info@ipsuma.es\">info@ipsuma.es<\/a><br \/><b><\/b><\/p><p><b>Cookies utilizadas en este sitio web<\/b><\/p><table><tbody><tr><td>NOMBRE<\/td><td>TIPO<\/td><td>PROPIEDAD<\/td><td>FINALIDAD<\/td><td width=\"100px\">PLAZO<\/td><td>OBSERVACIONES<\/td><\/tr><tr><td><b>_ga<\/b><\/td><td>Anal\u00edtica<\/td><td>Google Analytics<\/td><td><p>Habilita la funci\u00f3n de control de visitas \u00fanicas. La primera vez que un usuario entre en el sitio web a trav\u00e9s de un navegador se instalar\u00e1 esta <em>cookie<\/em>. Cuando este usuario vuelva a entrar en la web con el mismo navegador, la <em>cookie <\/em>considerar\u00e1 que es el mismo usuario.<\/p><p>Solo en el caso de que el usuario cambie de navegador, se considerar\u00e1 otro usuario<\/p><\/td><td>2 a\u00f1os<\/td><td>Persistente<\/td><\/tr><tr><td>_<b>gat<\/b><\/td><td>Anal\u00edtica<\/td><td>Google Analytics<\/td><td>Se utiliza para limitar la velocidad de petici\u00f3n &#8211; la limitaci\u00f3n de la recogida de datos en los sitios de alto tr\u00e1fico<\/td><td><p>10<\/p><p>minutos<\/p><\/td><td>Sesi\u00f3n<\/td><\/tr><tr><td><b>_gid<\/b><\/td><td>Anal\u00edtica<\/td><td>Google Analytics<\/td><td>Se utiliza para distinguir a los usuarios<\/td><td>24 horas<\/td><td>Sesi\u00f3n<\/td><\/tr><tr><td><b>_utma<\/b><\/td><td>Anal\u00edtica<\/td><td>Google Analytics<\/td><td>Registra la fecha de la primera y \u00faltima vez que el usuario visti\u00f3 el sitio web<\/td><td>2 a\u00f1os<\/td><td>Persistente<\/td><\/tr><tr><td><b>_utmb<\/b><\/td><td>Anal\u00edtica<\/td><td>Google Analytics<\/td><td>Registra la hora de llegada a la p\u00e1gina web<\/td><td><p>30<\/p><p>minutos<\/p><\/td><td>Sesi\u00f3n<\/td><\/tr><tr><td><b>_utmc<\/b><\/td><td>Anal\u00edtica<\/td><td>Google Analytics<\/td><td>Se utiliza para la interoperabilidad con el c\u00f3digo de seguimiento urchin.js<\/td><td>1 a\u00f1o<\/td><td>Sesi\u00f3n<\/td><\/tr><tr><td><b>_utmt<\/b><\/td><td>Anal\u00edtica<\/td><td>Google Analytics<\/td><td>Procesa el tipo de solicitud pedida por el usuario<\/td><td>Al finalizar la sesi\u00f3n<\/td><td>Sesi\u00f3n<\/td><\/tr><tr><td><b>_utmv<\/b><\/td><td>Anal\u00edtica<\/td><td>Google Analytics<\/td><td>Segmenta datos demogr\u00e1ficos<\/td><td>Al finalizar la sesi\u00f3n<\/td><td>Sesi\u00f3n<\/td><\/tr><tr><td><b>_utmz<\/b><\/td><td>Anal\u00edtica<\/td><td>Google Analytics<\/td><td>Almacena la fuente de tr\u00e1fico o una campa\u00f1a para explicar c\u00f3mo el usuario lleg\u00f3 al sitio web<\/td><td>6 meses<\/td><td>Persistente<\/td><\/tr><\/tbody><\/table><p>Obtener m\u00e1s informaci\u00f3n para deshabilitar las cookies de Google Analytics:<\/p><ul><li><a href=\"https:\/\/policies.google.com\/technologies\/managing\" target=\"_blank\" rel=\"noopener\">Pol\u00edtica de privacidad de Google<\/a><\/li><li><a href=\"https:\/\/support.google.com\/analytics\/answer\/181881?hl=es\" target=\"_blank\" rel=\"noopener\">Exclusi\u00f3n de Google Analytics<\/a><\/li><\/ul><p>\u00a0<\/p><p>C\u00d3MO ELIMINAR LAS COOKIES DE LOS NAVEGADORES M\u00c1S COMUNES<\/p><ul><li><a href=\"https:\/\/support.google.com\/chrome\/answer\/95647?hl=es\" target=\"_blank\" rel=\"noopener\">Google Chrome<\/a><\/li><li><a href=\"https:\/\/support.google.com\/chrome\/answer\/95647?hl=es\" target=\"_blank\" rel=\"noopener\">Internet Explorer. Versi\u00f3n 11<\/a><\/li><li><a href=\"https:\/\/www.mozilla.org\/es-ES\/privacy\/websites\/#cookies\" target=\"_blank\" rel=\"noopener\">Firefox. Versi\u00f3n 65.0.1<\/a><\/li><li><a href=\"https:\/\/support.apple.com\/es-es\/guide\/safari\/sfri11471\/mac\" target=\"_blank\" rel=\"noopener\">Safari Versi\u00f3n 5.1<\/a><\/li><li><a href=\"https:\/\/help.opera.com\/en\/latest\/security-and-privacy\/#clearBrowsingData\" target=\"_blank\" rel=\"noopener\">Opera<\/a><\/li><\/ul>\t\t\t\t\t\t\t\t<\/div>\n\t\t\t\t<\/div>\n\t\t\t\t<\/div>\n\t\t\t\t<\/div>\n\t\t","protected":false},"excerpt":{"rendered":"<p>Cookies policy Informaci\u00f3n sobre cookiesLas cookies y otras tecnolog\u00edas similares tales como local shared objects, flash cookies o p\u00edxeles, son herramientas empleadas por los servidores Web para almacenar y recuperar informaci\u00f3n acerca de sus visitantes, as\u00ed como para ofrecer un correcto funcionamiento del sitio. Mediante el uso de estos dispositivos se permite al servidor Web [&hellip;]<\/p>\n","protected":false},"author":4,"featured_media":0,"parent":0,"menu_order":90,"comment_status":"closed","ping_status":"closed","template":"elementor_header_footer","meta":{"footnotes":""},"class_list":["post-9876","page","type-page","status-publish","hentry"],"yoast_head":"<!-- This site is optimized with the Yoast SEO plugin v24.8.1 - https:\/\/yoast.com\/wordpress\/plugins\/seo\/ -->\n<title>Cookies policy - IPSUMA<\/title>\n<meta name=\"robots\" content=\"index, follow, max-snippet:-1, max-image-preview:large, max-video-preview:-1\" \/>\n<link rel=\"canonical\" href=\"https:\/\/ipsuma.es\/en\/cookies-policy\/\" \/>\n<meta property=\"og:locale\" content=\"en_US\" \/>\n<meta property=\"og:type\" content=\"article\" \/>\n<meta property=\"og:title\" content=\"Cookies policy - IPSUMA\" \/>\n<meta property=\"og:description\" content=\"Cookies policy Informaci\u00f3n sobre cookiesLas cookies y otras tecnolog\u00edas similares tales como local shared objects, flash cookies o p\u00edxeles, son herramientas empleadas por los servidores Web para almacenar y recuperar informaci\u00f3n acerca de sus visitantes, as\u00ed como para ofrecer un correcto funcionamiento del sitio. Mediante el uso de estos dispositivos se permite al servidor Web [&hellip;]\" \/>\n<meta property=\"og:url\" content=\"https:\/\/ipsuma.es\/en\/cookies-policy\/\" \/>\n<meta property=\"og:site_name\" content=\"IPSUMA\" \/>\n<meta property=\"article:modified_time\" content=\"2025-03-05T14:06:48+00:00\" \/>\n<meta name=\"twitter:card\" content=\"summary_large_image\" \/>\n<meta name=\"twitter:label1\" content=\"Est. reading time\" \/>\n\t<meta name=\"twitter:data1\" content=\"5 minutes\" \/>\n<script type=\"application\/ld+json\" class=\"yoast-schema-graph\">{\"@context\":\"https:\/\/schema.org\",\"@graph\":[{\"@type\":\"WebPage\",\"@id\":\"https:\/\/ipsuma.es\/en\/cookies-policy\/\",\"url\":\"https:\/\/ipsuma.es\/en\/cookies-policy\/\",\"name\":\"Cookies policy - IPSUMA\",\"isPartOf\":{\"@id\":\"https:\/\/ipsuma.es\/en\/#website\"},\"datePublished\":\"2025-02-19T12:51:24+00:00\",\"dateModified\":\"2025-03-05T14:06:48+00:00\",\"breadcrumb\":{\"@id\":\"https:\/\/ipsuma.es\/en\/cookies-policy\/#breadcrumb\"},\"inLanguage\":\"en-US\",\"potentialAction\":[{\"@type\":\"ReadAction\",\"target\":[\"https:\/\/ipsuma.es\/en\/cookies-policy\/\"]}]},{\"@type\":\"BreadcrumbList\",\"@id\":\"https:\/\/ipsuma.es\/en\/cookies-policy\/#breadcrumb\",\"itemListElement\":[{\"@type\":\"ListItem\",\"position\":1,\"name\":\"Portada\",\"item\":\"https:\/\/ipsuma.es\/en\/\"},{\"@type\":\"ListItem\",\"position\":2,\"name\":\"Cookies policy\"}]},{\"@type\":\"WebSite\",\"@id\":\"https:\/\/ipsuma.es\/en\/#website\",\"url\":\"https:\/\/ipsuma.es\/en\/\",\"name\":\"IPSUMA\",\"description\":\"Consultor\u00eda Inmobiliaria Premium\",\"potentialAction\":[{\"@type\":\"SearchAction\",\"target\":{\"@type\":\"EntryPoint\",\"urlTemplate\":\"https:\/\/ipsuma.es\/en\/?s={search_term_string}\"},\"query-input\":{\"@type\":\"PropertyValueSpecification\",\"valueRequired\":true,\"valueName\":\"search_term_string\"}}],\"inLanguage\":\"en-US\"}]}<\/script>\n<!-- \/ Yoast SEO plugin. -->","yoast_head_json":{"title":"Cookies policy - IPSUMA","robots":{"index":"index","follow":"follow","max-snippet":"max-snippet:-1","max-image-preview":"max-image-preview:large","max-video-preview":"max-video-preview:-1"},"canonical":"https:\/\/ipsuma.es\/en\/cookies-policy\/","og_locale":"en_US","og_type":"article","og_title":"Cookies policy - IPSUMA","og_description":"Cookies policy Informaci\u00f3n sobre cookiesLas cookies y otras tecnolog\u00edas similares tales como local shared objects, flash cookies o p\u00edxeles, son herramientas empleadas por los servidores Web para almacenar y recuperar informaci\u00f3n acerca de sus visitantes, as\u00ed como para ofrecer un correcto funcionamiento del sitio. Mediante el uso de estos dispositivos se permite al servidor Web [&hellip;]","og_url":"https:\/\/ipsuma.es\/en\/cookies-policy\/","og_site_name":"IPSUMA","article_modified_time":"2025-03-05T14:06:48+00:00","twitter_card":"summary_large_image","twitter_misc":{"Est. reading time":"5 minutes"},"schema":{"@context":"https:\/\/schema.org","@graph":[{"@type":"WebPage","@id":"https:\/\/ipsuma.es\/en\/cookies-policy\/","url":"https:\/\/ipsuma.es\/en\/cookies-policy\/","name":"Cookies policy - IPSUMA","isPartOf":{"@id":"https:\/\/ipsuma.es\/en\/#website"},"datePublished":"2025-02-19T12:51:24+00:00","dateModified":"2025-03-05T14:06:48+00:00","breadcrumb":{"@id":"https:\/\/ipsuma.es\/en\/cookies-policy\/#breadcrumb"},"inLanguage":"en-US","potentialAction":[{"@type":"ReadAction","target":["https:\/\/ipsuma.es\/en\/cookies-policy\/"]}]},{"@type":"BreadcrumbList","@id":"https:\/\/ipsuma.es\/en\/cookies-policy\/#breadcrumb","itemListElement":[{"@type":"ListItem","position":1,"name":"Portada","item":"https:\/\/ipsuma.es\/en\/"},{"@type":"ListItem","position":2,"name":"Cookies policy"}]},{"@type":"WebSite","@id":"https:\/\/ipsuma.es\/en\/#website","url":"https:\/\/ipsuma.es\/en\/","name":"IPSUMA","description":"Consultor\u00eda Inmobiliaria Premium","potentialAction":[{"@type":"SearchAction","target":{"@type":"EntryPoint","urlTemplate":"https:\/\/ipsuma.es\/en\/?s={search_term_string}"},"query-input":{"@type":"PropertyValueSpecification","valueRequired":true,"valueName":"search_term_string"}}],"inLanguage":"en-US"}]}},"_links":{"self":[{"href":"https:\/\/ipsuma.es\/en\/wp-json\/wp\/v2\/pages\/9876","targetHints":{"allow":["GET"]}}],"collection":[{"href":"https:\/\/ipsuma.es\/en\/wp-json\/wp\/v2\/pages"}],"about":[{"href":"https:\/\/ipsuma.es\/en\/wp-json\/wp\/v2\/types\/page"}],"author":[{"embeddable":true,"href":"https:\/\/ipsuma.es\/en\/wp-json\/wp\/v2\/users\/4"}],"replies":[{"embeddable":true,"href":"https:\/\/ipsuma.es\/en\/wp-json\/wp\/v2\/comments?post=9876"}],"version-history":[{"count":0,"href":"https:\/\/ipsuma.es\/en\/wp-json\/wp\/v2\/pages\/9876\/revisions"}],"wp:attachment":[{"href":"https:\/\/ipsuma.es\/en\/wp-json\/wp\/v2\/media?parent=9876"}],"curies":[{"name":"wp","href":"https:\/\/api.w.org\/{rel}","templated":true}]}}